{"id":1160,"date":"2023-10-23T12:00:29","date_gmt":"2023-10-23T12:00:29","guid":{"rendered":"https:\/\/www.jjqsports.com\/?page_id=1160"},"modified":"2025-01-17T08:46:32","modified_gmt":"2025-01-17T08:46:32","slug":"aviso-legal","status":"publish","type":"page","link":"https:\/\/www.jjqsports.com\/en\/aviso-legal\/","title":{"rendered":"Legal Notice"},"content":{"rendered":"<h1>Legal Notice<\/h1>\n<p>De acuerdo con lo dispuesto en el articulo 10 de la Ley 34\/2002, de 11 de julio, de Servicios de la Sociedad de la Informaci\u00f3n y de Comercio Electr\u00f3nico (LSSI-CE), se informa a todos nuestros usuarios y visitantes sobre la informaci\u00f3n legal relativa a propiedad del sitio web ubicado en la direcci\u00f3n de Internet https:\/\/www.jjqsports.com\/.<\/p>\n<p>&nbsp;<\/p>\n<p><strong>Raz\u00f3n Social:<\/strong> Joaqu\u00edn Juli\u00e1 Quevedo.<\/p>\n<p><strong>Direcci\u00f3n:<\/strong> C\/Triana, 27 \u2013 2\u00ba derecha, 35002, Las Palmas de Gran Canaria<\/p>\n<p><strong>Email:<\/strong> info@jjqsports.com<\/p>\n<p><strong>Contacto delegado de protecci\u00f3n de datos (DPD):<\/strong> info@jjqsports.com<\/p>\n<p><strong>Direcci\u00f3n web:<\/strong> https:\/\/www.jjqsports.com\/<\/p>\n<p>&nbsp;<\/p>\n<p style=\"text-align: center;\"><strong>DIGITAL KIT PROGRAM CO-FINANCED BY THE NEXT GENERATION (EU) FUNDS OF THE RECOVERY AND RESILIENCE MECHANISM<\/strong><\/p>\n<p><img fetchpriority=\"high\" decoding=\"async\" class=\"aligncenter wp-image-1845 size-full\" src=\"https:\/\/www.jjqsports.com\/wp-content\/uploads\/2023\/12\/kit-digital.png\" alt=\"Aviso Legal\" width=\"1589\" height=\"158\" srcset=\"https:\/\/www.jjqsports.com\/wp-content\/uploads\/2023\/12\/kit-digital.png 1589w, https:\/\/www.jjqsports.com\/wp-content\/uploads\/2023\/12\/kit-digital-300x30.png 300w, https:\/\/www.jjqsports.com\/wp-content\/uploads\/2023\/12\/kit-digital-1024x102.png 1024w, https:\/\/www.jjqsports.com\/wp-content\/uploads\/2023\/12\/kit-digital-768x76.png 768w, https:\/\/www.jjqsports.com\/wp-content\/uploads\/2023\/12\/kit-digital-1536x153.png 1536w, https:\/\/www.jjqsports.com\/wp-content\/uploads\/2023\/12\/kit-digital-18x2.png 18w\" sizes=\"(max-width: 1589px) 100vw, 1589px\" \/><\/p>\n<p style=\"text-align: center;\"><a href=\"https:\/\/www.acelerapyme.es\/kit-digital\/catalogo-digitalizadores\" target=\"_blank\" rel=\"noopener\">Read More<\/a><\/p>","protected":false},"excerpt":{"rendered":"<p>Aviso Legal De acuerdo con lo dispuesto en el articulo 10 de la Ley 34\/2002, de 11 de julio, de Servicios de la Sociedad de la Informaci\u00f3n y de Comercio Electr\u00f3nico (LSSI-CE), se informa a todos nuestros usuarios y visitantes sobre la informaci\u00f3n legal relativa a propiedad del sitio web ubicado en la direcci\u00f3n de Internet https:\/\/www.jjqsports.com\/. &nbsp; Raz\u00f3n Social: Joaqu\u00edn Juli\u00e1 Quevedo. Direcci\u00f3n: C\/Triana, 27 \u2013 2\u00ba derecha, 35002, Las Palmas de Gran Canaria Email: info@jjqsports.com Contacto delegado de protecci\u00f3n de datos (DPD): info@jjqsports.com Direcci\u00f3n web: https:\/\/www.jjqsports.com\/ &nbsp; PROGRAMA KIT DIGITAL COFINANCIADO POR LOS FONDOS NEXT GENERATION (EU) DEL MECANISMO DE RECUPERACI\u00d3N Y RESILIENCIA Desc\u00fabrelo aqu\u00ed<\/p>","protected":false},"author":1,"featured_media":0,"parent":0,"menu_order":0,"comment_status":"closed","ping_status":"closed","template":"","meta":{"_acf_changed":false,"footnotes":""},"categories":[],"tags":[],"class_list":["post-1160","page","type-page","status-publish","hentry"],"acf":[],"yoast_head":"<!-- This site is optimized with the Yoast SEO plugin v26.0 - https:\/\/yoast.com\/wordpress\/plugins\/seo\/ -->\n<title>Aviso Legal - JJQ Sports<\/title>\n<meta name=\"description\" content=\"Informamos a todos nuestros usuarios y visitantes, con este aviso legal sobre la informaci\u00f3n legal relativa a propiedad del este sitio web.\" \/>\n<meta name=\"robots\" content=\"index, follow, max-snippet:-1, max-image-preview:large, max-video-preview:-1\" \/>\n<link rel=\"canonical\" href=\"https:\/\/www.jjqsports.com\/en\/aviso-legal\/\" \/>\n<meta property=\"og:locale\" content=\"en_GB\" \/>\n<meta property=\"og:type\" content=\"article\" \/>\n<meta property=\"og:title\" content=\"Aviso Legal - JJQ Sports\" \/>\n<meta property=\"og:description\" content=\"Informamos a todos nuestros usuarios y visitantes, con este aviso legal sobre la informaci\u00f3n legal relativa a propiedad del este sitio web.\" \/>\n<meta property=\"og:url\" content=\"https:\/\/www.jjqsports.com\/en\/aviso-legal\/\" \/>\n<meta property=\"og:site_name\" content=\"JJQ Sports\" \/>\n<meta property=\"article:modified_time\" content=\"2025-01-17T08:46:32+00:00\" \/>\n<meta property=\"og:image\" content=\"https:\/\/www.jjqsports.com\/wp-content\/uploads\/2023\/12\/kit-digital.png\" \/>\n\t<meta property=\"og:image:width\" content=\"1589\" \/>\n\t<meta property=\"og:image:height\" content=\"158\" \/>\n\t<meta property=\"og:image:type\" content=\"image\/png\" \/>\n<meta name=\"twitter:card\" content=\"summary_large_image\" \/>\n<meta name=\"twitter:label1\" content=\"Estimated reading time\" \/>\n\t<meta name=\"twitter:data1\" content=\"1 minute\" \/>\n<script type=\"application\/ld+json\" class=\"yoast-schema-graph\">{\"@context\":\"https:\/\/schema.org\",\"@graph\":[{\"@type\":\"WebPage\",\"@id\":\"https:\/\/www.jjqsports.com\/aviso-legal\/\",\"url\":\"https:\/\/www.jjqsports.com\/aviso-legal\/\",\"name\":\"Aviso Legal - JJQ Sports\",\"isPartOf\":{\"@id\":\"https:\/\/www.jjqsports.com\/#website\"},\"primaryImageOfPage\":{\"@id\":\"https:\/\/www.jjqsports.com\/aviso-legal\/#primaryimage\"},\"image\":{\"@id\":\"https:\/\/www.jjqsports.com\/aviso-legal\/#primaryimage\"},\"thumbnailUrl\":\"https:\/\/www.jjqsports.com\/wp-content\/uploads\/2023\/12\/kit-digital.png\",\"datePublished\":\"2023-10-23T12:00:29+00:00\",\"dateModified\":\"2025-01-17T08:46:32+00:00\",\"description\":\"Informamos a todos nuestros usuarios y visitantes, con este aviso legal sobre la informaci\u00f3n legal relativa a propiedad del este sitio web.\",\"breadcrumb\":{\"@id\":\"https:\/\/www.jjqsports.com\/aviso-legal\/#breadcrumb\"},\"inLanguage\":\"en-GB\",\"potentialAction\":[{\"@type\":\"ReadAction\",\"target\":[\"https:\/\/www.jjqsports.com\/aviso-legal\/\"]}]},{\"@type\":\"ImageObject\",\"inLanguage\":\"en-GB\",\"@id\":\"https:\/\/www.jjqsports.com\/aviso-legal\/#primaryimage\",\"url\":\"https:\/\/www.jjqsports.com\/wp-content\/uploads\/2023\/12\/kit-digital.png\",\"contentUrl\":\"https:\/\/www.jjqsports.com\/wp-content\/uploads\/2023\/12\/kit-digital.png\"},{\"@type\":\"BreadcrumbList\",\"@id\":\"https:\/\/www.jjqsports.com\/aviso-legal\/#breadcrumb\",\"itemListElement\":[{\"@type\":\"ListItem\",\"position\":1,\"name\":\"Portada\",\"item\":\"https:\/\/www.jjqsports.com\/\"},{\"@type\":\"ListItem\",\"position\":2,\"name\":\"Aviso Legal\"}]},{\"@type\":\"WebSite\",\"@id\":\"https:\/\/www.jjqsports.com\/#website\",\"url\":\"https:\/\/www.jjqsports.com\/\",\"name\":\"JJQ Sports\",\"description\":\"Gestionamos tu carrera con honestidad y transparencia\",\"publisher\":{\"@id\":\"https:\/\/www.jjqsports.com\/#\/schema\/person\/b89332c073e141668884df16867cf436\"},\"potentialAction\":[{\"@type\":\"SearchAction\",\"target\":{\"@type\":\"EntryPoint\",\"urlTemplate\":\"https:\/\/www.jjqsports.com\/?s={search_term_string}\"},\"query-input\":{\"@type\":\"PropertyValueSpecification\",\"valueRequired\":true,\"valueName\":\"search_term_string\"}}],\"inLanguage\":\"en-GB\"},{\"@type\":[\"Person\",\"Organization\"],\"@id\":\"https:\/\/www.jjqsports.com\/#\/schema\/person\/b89332c073e141668884df16867cf436\",\"name\":\"admin\",\"image\":{\"@type\":\"ImageObject\",\"inLanguage\":\"en-GB\",\"@id\":\"https:\/\/www.jjqsports.com\/#\/schema\/person\/image\/\",\"url\":\"https:\/\/www.jjqsports.com\/wp-content\/uploads\/2023\/08\/logotipo-JJQ-Sports.svg\",\"contentUrl\":\"https:\/\/www.jjqsports.com\/wp-content\/uploads\/2023\/08\/logotipo-JJQ-Sports.svg\",\"width\":108,\"height\":24,\"caption\":\"admin\"},\"logo\":{\"@id\":\"https:\/\/www.jjqsports.com\/#\/schema\/person\/image\/\"},\"sameAs\":[\"https:\/\/www.jjqsports.com\"]}]}<\/script>\n<!-- \/ Yoast SEO plugin. -->","yoast_head_json":{"title":"Aviso Legal - JJQ Sports","description":"Informamos a todos nuestros usuarios y visitantes, con este aviso legal sobre la informaci\u00f3n legal relativa a propiedad del este sitio web.","robots":{"index":"index","follow":"follow","max-snippet":"max-snippet:-1","max-image-preview":"max-image-preview:large","max-video-preview":"max-video-preview:-1"},"canonical":"https:\/\/www.jjqsports.com\/en\/aviso-legal\/","og_locale":"en_GB","og_type":"article","og_title":"Aviso Legal - JJQ Sports","og_description":"Informamos a todos nuestros usuarios y visitantes, con este aviso legal sobre la informaci\u00f3n legal relativa a propiedad del este sitio web.","og_url":"https:\/\/www.jjqsports.com\/en\/aviso-legal\/","og_site_name":"JJQ Sports","article_modified_time":"2025-01-17T08:46:32+00:00","og_image":[{"width":1589,"height":158,"url":"https:\/\/www.jjqsports.com\/wp-content\/uploads\/2023\/12\/kit-digital.png","type":"image\/png"}],"twitter_card":"summary_large_image","twitter_misc":{"Estimated reading time":"1 minute"},"schema":{"@context":"https:\/\/schema.org","@graph":[{"@type":"WebPage","@id":"https:\/\/www.jjqsports.com\/aviso-legal\/","url":"https:\/\/www.jjqsports.com\/aviso-legal\/","name":"Aviso Legal - JJQ Sports","isPartOf":{"@id":"https:\/\/www.jjqsports.com\/#website"},"primaryImageOfPage":{"@id":"https:\/\/www.jjqsports.com\/aviso-legal\/#primaryimage"},"image":{"@id":"https:\/\/www.jjqsports.com\/aviso-legal\/#primaryimage"},"thumbnailUrl":"https:\/\/www.jjqsports.com\/wp-content\/uploads\/2023\/12\/kit-digital.png","datePublished":"2023-10-23T12:00:29+00:00","dateModified":"2025-01-17T08:46:32+00:00","description":"Informamos a todos nuestros usuarios y visitantes, con este aviso legal sobre la informaci\u00f3n legal relativa a propiedad del este sitio web.","breadcrumb":{"@id":"https:\/\/www.jjqsports.com\/aviso-legal\/#breadcrumb"},"inLanguage":"en-GB","potentialAction":[{"@type":"ReadAction","target":["https:\/\/www.jjqsports.com\/aviso-legal\/"]}]},{"@type":"ImageObject","inLanguage":"en-GB","@id":"https:\/\/www.jjqsports.com\/aviso-legal\/#primaryimage","url":"https:\/\/www.jjqsports.com\/wp-content\/uploads\/2023\/12\/kit-digital.png","contentUrl":"https:\/\/www.jjqsports.com\/wp-content\/uploads\/2023\/12\/kit-digital.png"},{"@type":"BreadcrumbList","@id":"https:\/\/www.jjqsports.com\/aviso-legal\/#breadcrumb","itemListElement":[{"@type":"ListItem","position":1,"name":"Portada","item":"https:\/\/www.jjqsports.com\/"},{"@type":"ListItem","position":2,"name":"Aviso Legal"}]},{"@type":"WebSite","@id":"https:\/\/www.jjqsports.com\/#website","url":"https:\/\/www.jjqsports.com\/","name":"JJQ Sports","description":"Gestionamos tu carrera con honestidad y transparencia","publisher":{"@id":"https:\/\/www.jjqsports.com\/#\/schema\/person\/b89332c073e141668884df16867cf436"},"potentialAction":[{"@type":"SearchAction","target":{"@type":"EntryPoint","urlTemplate":"https:\/\/www.jjqsports.com\/?s={search_term_string}"},"query-input":{"@type":"PropertyValueSpecification","valueRequired":true,"valueName":"search_term_string"}}],"inLanguage":"en-GB"},{"@type":["Person","Organization"],"@id":"https:\/\/www.jjqsports.com\/#\/schema\/person\/b89332c073e141668884df16867cf436","name":"admin","image":{"@type":"ImageObject","inLanguage":"en-GB","@id":"https:\/\/www.jjqsports.com\/#\/schema\/person\/image\/","url":"https:\/\/www.jjqsports.com\/wp-content\/uploads\/2023\/08\/logotipo-JJQ-Sports.svg","contentUrl":"https:\/\/www.jjqsports.com\/wp-content\/uploads\/2023\/08\/logotipo-JJQ-Sports.svg","width":108,"height":24,"caption":"admin"},"logo":{"@id":"https:\/\/www.jjqsports.com\/#\/schema\/person\/image\/"},"sameAs":["https:\/\/www.jjqsports.com"]}]}},"_links":{"self":[{"href":"https:\/\/www.jjqsports.com\/en\/wp-json\/wp\/v2\/pages\/1160","targetHints":{"allow":["GET"]}}],"collection":[{"href":"https:\/\/www.jjqsports.com\/en\/wp-json\/wp\/v2\/pages"}],"about":[{"href":"https:\/\/www.jjqsports.com\/en\/wp-json\/wp\/v2\/types\/page"}],"author":[{"embeddable":true,"href":"https:\/\/www.jjqsports.com\/en\/wp-json\/wp\/v2\/users\/1"}],"replies":[{"embeddable":true,"href":"https:\/\/www.jjqsports.com\/en\/wp-json\/wp\/v2\/comments?post=1160"}],"version-history":[{"count":15,"href":"https:\/\/www.jjqsports.com\/en\/wp-json\/wp\/v2\/pages\/1160\/revisions"}],"predecessor-version":[{"id":2010,"href":"https:\/\/www.jjqsports.com\/en\/wp-json\/wp\/v2\/pages\/1160\/revisions\/2010"}],"wp:attachment":[{"href":"https:\/\/www.jjqsports.com\/en\/wp-json\/wp\/v2\/media?parent=1160"}],"wp:term":[{"taxonomy":"category","embeddable":true,"href":"https:\/\/www.jjqsports.com\/en\/wp-json\/wp\/v2\/categories?post=1160"},{"taxonomy":"post_tag","embeddable":true,"href":"https:\/\/www.jjqsports.com\/en\/wp-json\/wp\/v2\/tags?post=1160"}],"curies":[{"name":"wp","href":"https:\/\/api.w.org\/{rel}","templated":true}]}}